{"id":197,"date":"2023-08-10T18:47:15","date_gmt":"2023-08-10T18:47:15","guid":{"rendered":"https:\/\/palackkert.hu\/index.php\/shop\/"},"modified":"2023-08-10T18:47:15","modified_gmt":"2023-08-10T18:47:15","slug":"shop","status":"publish","type":"page","link":"https:\/\/palackkert.hu\/index.php\/shop\/","title":{"rendered":"Shop"},"content":{"rendered":"","protected":false},"excerpt":{"rendered":"","protected":false},"author":1,"featured_media":0,"parent":0,"menu_order":0,"comment_status":"closed","ping_status":"closed","template":"","meta":{"footnotes":""},"class_list":["post-197","page","type-page","status-publish","hentry"],"yoast_head":"<!-- This site is optimized with the Yoast SEO plugin v27.1.1 - https:\/\/yoast.com\/product\/yoast-seo-wordpress\/ -->\n<title>Shop - Flor\u00e1riumok Palackkert<\/title>\n<meta name=\"robots\" content=\"index, follow, max-snippet:-1, max-image-preview:large, max-video-preview:-1\" \/>\n<link rel=\"canonical\" href=\"https:\/\/palackkert.hu\/index.php\/shop\/\" \/>\n<meta property=\"og:locale\" content=\"hu_HU\" \/>\n<meta property=\"og:type\" content=\"article\" \/>\n<meta property=\"og:title\" content=\"Shop - Flor\u00e1riumok Palackkert\" \/>\n<meta property=\"og:url\" content=\"https:\/\/palackkert.hu\/index.php\/shop\/\" \/>\n<meta property=\"og:site_name\" content=\"Flor\u00e1riumok Palackkert\" \/>\n<meta property=\"article:publisher\" content=\"https:\/\/www.facebook.com\/profile.php?id=100095695053558\" \/>\n<meta name=\"twitter:card\" content=\"summary_large_image\" \/>\n<script type=\"application\/ld+json\" class=\"yoast-schema-graph\">{\"@context\":\"https:\/\/schema.org\",\"@graph\":[{\"@type\":\"WebPage\",\"@id\":\"https:\/\/palackkert.hu\/index.php\/shop\/\",\"url\":\"https:\/\/palackkert.hu\/index.php\/shop\/\",\"name\":\"Shop - Flor\u00e1riumok Palackkert\",\"isPartOf\":{\"@id\":\"https:\/\/palackkert.hu\/#website\"},\"datePublished\":\"2023-08-10T18:47:15+00:00\",\"breadcrumb\":{\"@id\":\"https:\/\/palackkert.hu\/index.php\/shop\/#breadcrumb\"},\"inLanguage\":\"hu\",\"potentialAction\":[{\"@type\":\"ReadAction\",\"target\":[\"https:\/\/palackkert.hu\/index.php\/shop\/\"]}]},{\"@type\":\"BreadcrumbList\",\"@id\":\"https:\/\/palackkert.hu\/index.php\/shop\/#breadcrumb\",\"itemListElement\":[{\"@type\":\"ListItem\",\"position\":1,\"name\":\"Kezd\u0151lap\",\"item\":\"https:\/\/palackkert.hu\/\"},{\"@type\":\"ListItem\",\"position\":2,\"name\":\"Shop\"}]},{\"@type\":\"WebSite\",\"@id\":\"https:\/\/palackkert.hu\/#website\",\"url\":\"https:\/\/palackkert.hu\/\",\"name\":\"Palackkert Flor\u00e1riumok\",\"description\":\"Flor\u00e1rium webshop \u00e9s workshop\",\"publisher\":{\"@id\":\"https:\/\/palackkert.hu\/#organization\"},\"potentialAction\":[{\"@type\":\"SearchAction\",\"target\":{\"@type\":\"EntryPoint\",\"urlTemplate\":\"https:\/\/palackkert.hu\/?s={search_term_string}\"},\"query-input\":{\"@type\":\"PropertyValueSpecification\",\"valueRequired\":true,\"valueName\":\"search_term_string\"}}],\"inLanguage\":\"hu\"},{\"@type\":\"Organization\",\"@id\":\"https:\/\/palackkert.hu\/#organization\",\"name\":\"Palackkert Flor\u00e1riumok\",\"url\":\"https:\/\/palackkert.hu\/\",\"logo\":{\"@type\":\"ImageObject\",\"inLanguage\":\"hu\",\"@id\":\"https:\/\/palackkert.hu\/#\/schema\/logo\/image\/\",\"url\":\"https:\/\/palackkert.hu\/wp-content\/uploads\/2023\/08\/Palackkert-logo-negyzet.png\",\"contentUrl\":\"https:\/\/palackkert.hu\/wp-content\/uploads\/2023\/08\/Palackkert-logo-negyzet.png\",\"width\":1138,\"height\":1138,\"caption\":\"Palackkert Flor\u00e1riumok\"},\"image\":{\"@id\":\"https:\/\/palackkert.hu\/#\/schema\/logo\/image\/\"},\"sameAs\":[\"https:\/\/www.facebook.com\/profile.php?id=100095695053558\",\"https:\/\/www.instagram.com\/palackkert\"]}]}<\/script>\n<!-- \/ Yoast SEO plugin. -->","yoast_head_json":{"title":"Shop - Flor\u00e1riumok Palackkert","robots":{"index":"index","follow":"follow","max-snippet":"max-snippet:-1","max-image-preview":"max-image-preview:large","max-video-preview":"max-video-preview:-1"},"canonical":"https:\/\/palackkert.hu\/index.php\/shop\/","og_locale":"hu_HU","og_type":"article","og_title":"Shop - Flor\u00e1riumok Palackkert","og_url":"https:\/\/palackkert.hu\/index.php\/shop\/","og_site_name":"Flor\u00e1riumok Palackkert","article_publisher":"https:\/\/www.facebook.com\/profile.php?id=100095695053558","twitter_card":"summary_large_image","schema":{"@context":"https:\/\/schema.org","@graph":[{"@type":"WebPage","@id":"https:\/\/palackkert.hu\/index.php\/shop\/","url":"https:\/\/palackkert.hu\/index.php\/shop\/","name":"Shop - Flor\u00e1riumok Palackkert","isPartOf":{"@id":"https:\/\/palackkert.hu\/#website"},"datePublished":"2023-08-10T18:47:15+00:00","breadcrumb":{"@id":"https:\/\/palackkert.hu\/index.php\/shop\/#breadcrumb"},"inLanguage":"hu","potentialAction":[{"@type":"ReadAction","target":["https:\/\/palackkert.hu\/index.php\/shop\/"]}]},{"@type":"BreadcrumbList","@id":"https:\/\/palackkert.hu\/index.php\/shop\/#breadcrumb","itemListElement":[{"@type":"ListItem","position":1,"name":"Kezd\u0151lap","item":"https:\/\/palackkert.hu\/"},{"@type":"ListItem","position":2,"name":"Shop"}]},{"@type":"WebSite","@id":"https:\/\/palackkert.hu\/#website","url":"https:\/\/palackkert.hu\/","name":"Palackkert Flor\u00e1riumok","description":"Flor\u00e1rium webshop \u00e9s workshop","publisher":{"@id":"https:\/\/palackkert.hu\/#organization"},"potentialAction":[{"@type":"SearchAction","target":{"@type":"EntryPoint","urlTemplate":"https:\/\/palackkert.hu\/?s={search_term_string}"},"query-input":{"@type":"PropertyValueSpecification","valueRequired":true,"valueName":"search_term_string"}}],"inLanguage":"hu"},{"@type":"Organization","@id":"https:\/\/palackkert.hu\/#organization","name":"Palackkert Flor\u00e1riumok","url":"https:\/\/palackkert.hu\/","logo":{"@type":"ImageObject","inLanguage":"hu","@id":"https:\/\/palackkert.hu\/#\/schema\/logo\/image\/","url":"https:\/\/palackkert.hu\/wp-content\/uploads\/2023\/08\/Palackkert-logo-negyzet.png","contentUrl":"https:\/\/palackkert.hu\/wp-content\/uploads\/2023\/08\/Palackkert-logo-negyzet.png","width":1138,"height":1138,"caption":"Palackkert Flor\u00e1riumok"},"image":{"@id":"https:\/\/palackkert.hu\/#\/schema\/logo\/image\/"},"sameAs":["https:\/\/www.facebook.com\/profile.php?id=100095695053558","https:\/\/www.instagram.com\/palackkert"]}]}},"_links":{"self":[{"href":"https:\/\/palackkert.hu\/index.php\/wp-json\/wp\/v2\/pages\/197","targetHints":{"allow":["GET"]}}],"collection":[{"href":"https:\/\/palackkert.hu\/index.php\/wp-json\/wp\/v2\/pages"}],"about":[{"href":"https:\/\/palackkert.hu\/index.php\/wp-json\/wp\/v2\/types\/page"}],"author":[{"embeddable":true,"href":"https:\/\/palackkert.hu\/index.php\/wp-json\/wp\/v2\/users\/1"}],"replies":[{"embeddable":true,"href":"https:\/\/palackkert.hu\/index.php\/wp-json\/wp\/v2\/comments?post=197"}],"version-history":[{"count":0,"href":"https:\/\/palackkert.hu\/index.php\/wp-json\/wp\/v2\/pages\/197\/revisions"}],"wp:attachment":[{"href":"https:\/\/palackkert.hu\/index.php\/wp-json\/wp\/v2\/media?parent=197"}],"curies":[{"name":"wp","href":"https:\/\/api.w.org\/{rel}","templated":true}]}}