{"id":2652,"date":"2026-03-13T10:43:38","date_gmt":"2026-03-13T10:43:38","guid":{"rendered":"https:\/\/palackkert.hu\/?page_id=2652"},"modified":"2026-03-13T11:21:22","modified_gmt":"2026-03-13T11:21:22","slug":"garancia","status":"publish","type":"page","link":"https:\/\/palackkert.hu\/index.php\/garancia\/","title":{"rendered":"Garancia"},"content":{"rendered":"<div class=\"et_d4_element et_pb_section et_pb_section_0  et_pb_css_mix_blend_mode et_section_regular et_block_section\" >\n\t\t\t\t\n\t\t\t\t\n\t\t\t\t\n\t\t\t\t\n\t\t\t\t\n\t\t\t\t\n\t\t\t\t<div class=\"et_d4_element et_pb_row et_pb_row_0  et_pb_css_mix_blend_mode et_block_row\">\n\t\t\t\t<div class=\"et_d4_element et_pb_column_4_4 et_pb_column et_pb_column_0  et_pb_css_mix_blend_mode et-last-child et_block_column\">\n\t\t\t\t\n\t\t\t\t\n\t\t\t\t\n\t\t\t\t\n\t\t\t\t<div class=\"et_pb_module et_d4_element et_pb_text et_pb_text_0  et_pb_text_align_left et_pb_bg_layout_light\">\n\t\t\t\t\n\t\t\t\t\n\t\t\t\t\n\t\t\t\t\n\t\t\t\t<div class=\"et_pb_text_inner\"><p style=\"text-align: center;\"><span style=\"color: #000000;\">GARANCIA<\/span><\/p><\/div>\n\t\t\t<\/div>\n\t\t\t<\/div>\n\t\t\t\t\n\t\t\t\t\n\t\t\t\t\n\t\t\t\t\n\t\t\t<\/div><div class=\"et_d4_element et_pb_row et_pb_row_1  et_pb_css_mix_blend_mode et_block_row\">\n\t\t\t\t<div class=\"et_d4_element et_pb_column_4_4 et_pb_column et_pb_column_1  et_pb_css_mix_blend_mode et-last-child et_block_column\">\n\t\t\t\t\n\t\t\t\t\n\t\t\t\t\n\t\t\t\t\n\t\t\t\t<div class=\"et_pb_module et_d4_element et_pb_text et_pb_text_1  et_pb_text_align_left et_pb_bg_layout_light\">\n\t\t\t\t\n\t\t\t\t\n\t\t\t\t\n\t\t\t\t\n\t\t\t\t<div class=\"et_pb_text_inner\"><p>Not\u00f3rius n\u00f6v\u00e9nygyilkos vagy? Semmi sem marad meg n\u00e1lad?<\/p>\n<p>Semmi probl\u00e9ma! \ud83d\ude42<\/p>\n<p>Az \u00e1ltalunk k\u00e9sz\u00edtett flor\u00e1riumokra egyed\u00fcl\u00e1ll\u00f3 m\u00f3don teljesk\u00f6r\u0171 garanci\u00e1t v\u00e1llalunk! Legyen ez ak\u00e1r 2 h\u00e9t, vagy 2 \u00e9v m\u00falva. Nem k\u00e9rdez\u00fcnk, nem \u00edt\u00e9kez\u00fcnk, csak megoldjuk. \u00c1llapott\u00f3l f\u00fcgg\u0151en fel\u00faj\u00edtjuk vagy kicser\u00e9lj\u00fck a n\u00e1lunk v\u00e1s\u00e1rolt flor\u00e1riumodat. \u00c9s ha ez mind m\u00e9g nem lenne el\u00e9g, ezek igazak a workshopjainkon k\u00e9sz\u00fclt palackkertekre is!<\/p>\n<p>Nem t\u0151l\u00fcnk van a flor\u00e1riumod? Nem gond! Ilyen jelleg\u0171 fel\u00faj\u00edt\u00e1st \u00e9s karbantart\u00e1st, \u00fajratelep\u00edt\u00e9st is v\u00e1llalunk. K\u00fcldj egy \u00fczenetet, \u00e1llunk rendelkez\u00e9sre.<\/p>\n<p>Van egy \u00fcveged, amit feldobn\u00e1l egy kis \u00e9lettel? Szuper! Sz\u00edvesen be\u00fcltetj\u00fck, amennyiben arra alkalmas az alany. K\u00fcldj egy k\u00e9pet, besz\u00e9lj\u00fcnk r\u00f3la, hiszen ilyen jelleg\u0171 megkeres\u00e9seket is sz\u00edvesen teljes\u00edt\u00fcnk.<\/p>\n<p>Nem utols\u00f3 sorban pedig, ha elakadn\u00e1l a gondoz\u00e1sban, karbantart\u00e1sban, vedd fel vel\u00fcnk a kapcsolatot, seg\u00edt\u00fcnk! A visszav\u00e1g\u00e1st\u00f3l a nedvess\u00e9gtartalomig, A-t\u00f3l Z-ig, minden k\u00e9rd\u00e9sedre v\u00e1laszt adunk.\u00a0<\/p>\n<p>\u00c9l\u0151 n\u00f6v\u00e9nyt kapsz garanci\u00e1val. J\u00f3l hangzik, igaz?\u00a0<\/p>\n<p>&nbsp;<\/p>\n<p>&nbsp;<\/p>\n<p>&nbsp;<\/p>\n<p>&nbsp;<\/p><\/div>\n\t\t\t<\/div>\n\t\t\t<\/div>\n\t\t\t\t\n\t\t\t\t\n\t\t\t\t\n\t\t\t\t\n\t\t\t<\/div><div class=\"et_d4_element et_pb_row et_pb_row_2  et_pb_css_mix_blend_mode et_block_row\">\n\t\t\t\t<div class=\"et_d4_element et_pb_column_4_4 et_pb_column et_pb_column_2  et_pb_css_mix_blend_mode et-last-child et_block_column\">\n\t\t\t\t\n\t\t\t\t\n\t\t\t\t\n\t\t\t\t\n\t\t\t\t<div class=\"et_pb_module et_d4_element et_pb_image et_pb_image_0\">\n\t\t\t\t\n\t\t\t\t\n\t\t\t\t\n\t\t\t\t\n\t\t\t\t<span class=\"et_pb_image_wrap \"><img loading=\"lazy\" decoding=\"async\" width=\"435\" height=\"608\" src=\"https:\/\/palackkert.hu\/wp-content\/uploads\/2023\/08\/fittonia2.png\" alt=\"\" title=\"fittonia2\" srcset=\"https:\/\/palackkert.hu\/wp-content\/uploads\/2023\/08\/fittonia2.png 435w, https:\/\/palackkert.hu\/wp-content\/uploads\/2023\/08\/fittonia2-300x419.png 300w, https:\/\/palackkert.hu\/wp-content\/uploads\/2023\/08\/fittonia2-215x300.png 215w\" sizes=\"(max-width: 435px) 100vw, 435px\" class=\"wp-image-150\" \/><\/span>\n\t\t\t<\/div>\n\t\t\t<\/div>\n\t\t\t\t\n\t\t\t\t\n\t\t\t\t\n\t\t\t\t\n\t\t\t<\/div><div class=\"et_d4_element et_pb_row et_pb_row_3  et_pb_css_mix_blend_mode et_block_row\">\n\t\t\t\t<div class=\"et_d4_element et_pb_column_4_4 et_pb_column et_pb_column_3  et_pb_css_mix_blend_mode et-last-child et_block_column et_pb_column_empty\">\n\t\t\t\t\n\t\t\t\t\n\t\t\t\t\n\t\t\t\t\n\t\t\t\t\n\t\t\t<\/div>\n\t\t\t\t\n\t\t\t\t\n\t\t\t\t\n\t\t\t\t\n\t\t\t<\/div>\n\t\t\t\t\n\t\t\t\t\n\t\t\t<\/div>\n","protected":false},"excerpt":{"rendered":"","protected":false},"author":1,"featured_media":0,"parent":0,"menu_order":0,"comment_status":"closed","ping_status":"closed","template":"","meta":{"_et_pb_use_builder":"on","_et_pb_old_content":"","_et_gb_content_width":"","footnotes":""},"class_list":["post-2652","page","type-page","status-publish","hentry"],"yoast_head":"<!-- This site is optimized with the Yoast SEO plugin v27.1.1 - https:\/\/yoast.com\/product\/yoast-seo-wordpress\/ -->\n<title>Garancia - Flor\u00e1riumok Palackkert<\/title>\n<meta name=\"robots\" content=\"index, follow, max-snippet:-1, max-image-preview:large, max-video-preview:-1\" \/>\n<link rel=\"canonical\" href=\"https:\/\/palackkert.hu\/index.php\/garancia\/\" \/>\n<meta property=\"og:locale\" content=\"hu_HU\" \/>\n<meta property=\"og:type\" content=\"article\" \/>\n<meta property=\"og:title\" content=\"Garancia - Flor\u00e1riumok Palackkert\" \/>\n<meta property=\"og:url\" content=\"https:\/\/palackkert.hu\/index.php\/garancia\/\" \/>\n<meta property=\"og:site_name\" content=\"Flor\u00e1riumok Palackkert\" \/>\n<meta property=\"article:publisher\" content=\"https:\/\/www.facebook.com\/profile.php?id=100095695053558\" \/>\n<meta property=\"article:modified_time\" content=\"2026-03-13T11:21:22+00:00\" \/>\n<meta name=\"twitter:card\" content=\"summary_large_image\" \/>\n<script type=\"application\/ld+json\" class=\"yoast-schema-graph\">{\"@context\":\"https:\/\/schema.org\",\"@graph\":[{\"@type\":\"WebPage\",\"@id\":\"https:\/\/palackkert.hu\/index.php\/garancia\/\",\"url\":\"https:\/\/palackkert.hu\/index.php\/garancia\/\",\"name\":\"Garancia - Flor\u00e1riumok Palackkert\",\"isPartOf\":{\"@id\":\"https:\/\/palackkert.hu\/#website\"},\"datePublished\":\"2026-03-13T10:43:38+00:00\",\"dateModified\":\"2026-03-13T11:21:22+00:00\",\"breadcrumb\":{\"@id\":\"https:\/\/palackkert.hu\/index.php\/garancia\/#breadcrumb\"},\"inLanguage\":\"hu\",\"potentialAction\":[{\"@type\":\"ReadAction\",\"target\":[\"https:\/\/palackkert.hu\/index.php\/garancia\/\"]}]},{\"@type\":\"BreadcrumbList\",\"@id\":\"https:\/\/palackkert.hu\/index.php\/garancia\/#breadcrumb\",\"itemListElement\":[{\"@type\":\"ListItem\",\"position\":1,\"name\":\"Kezd\u0151lap\",\"item\":\"https:\/\/palackkert.hu\/\"},{\"@type\":\"ListItem\",\"position\":2,\"name\":\"Garancia\"}]},{\"@type\":\"WebSite\",\"@id\":\"https:\/\/palackkert.hu\/#website\",\"url\":\"https:\/\/palackkert.hu\/\",\"name\":\"Palackkert Flor\u00e1riumok\",\"description\":\"Flor\u00e1rium webshop \u00e9s workshop\",\"publisher\":{\"@id\":\"https:\/\/palackkert.hu\/#organization\"},\"potentialAction\":[{\"@type\":\"SearchAction\",\"target\":{\"@type\":\"EntryPoint\",\"urlTemplate\":\"https:\/\/palackkert.hu\/?s={search_term_string}\"},\"query-input\":{\"@type\":\"PropertyValueSpecification\",\"valueRequired\":true,\"valueName\":\"search_term_string\"}}],\"inLanguage\":\"hu\"},{\"@type\":\"Organization\",\"@id\":\"https:\/\/palackkert.hu\/#organization\",\"name\":\"Palackkert Flor\u00e1riumok\",\"url\":\"https:\/\/palackkert.hu\/\",\"logo\":{\"@type\":\"ImageObject\",\"inLanguage\":\"hu\",\"@id\":\"https:\/\/palackkert.hu\/#\/schema\/logo\/image\/\",\"url\":\"https:\/\/palackkert.hu\/wp-content\/uploads\/2023\/08\/Palackkert-logo-negyzet.png\",\"contentUrl\":\"https:\/\/palackkert.hu\/wp-content\/uploads\/2023\/08\/Palackkert-logo-negyzet.png\",\"width\":1138,\"height\":1138,\"caption\":\"Palackkert Flor\u00e1riumok\"},\"image\":{\"@id\":\"https:\/\/palackkert.hu\/#\/schema\/logo\/image\/\"},\"sameAs\":[\"https:\/\/www.facebook.com\/profile.php?id=100095695053558\",\"https:\/\/www.instagram.com\/palackkert\"]}]}<\/script>\n<!-- \/ Yoast SEO plugin. -->","yoast_head_json":{"title":"Garancia - Flor\u00e1riumok Palackkert","robots":{"index":"index","follow":"follow","max-snippet":"max-snippet:-1","max-image-preview":"max-image-preview:large","max-video-preview":"max-video-preview:-1"},"canonical":"https:\/\/palackkert.hu\/index.php\/garancia\/","og_locale":"hu_HU","og_type":"article","og_title":"Garancia - Flor\u00e1riumok Palackkert","og_url":"https:\/\/palackkert.hu\/index.php\/garancia\/","og_site_name":"Flor\u00e1riumok Palackkert","article_publisher":"https:\/\/www.facebook.com\/profile.php?id=100095695053558","article_modified_time":"2026-03-13T11:21:22+00:00","twitter_card":"summary_large_image","schema":{"@context":"https:\/\/schema.org","@graph":[{"@type":"WebPage","@id":"https:\/\/palackkert.hu\/index.php\/garancia\/","url":"https:\/\/palackkert.hu\/index.php\/garancia\/","name":"Garancia - Flor\u00e1riumok Palackkert","isPartOf":{"@id":"https:\/\/palackkert.hu\/#website"},"datePublished":"2026-03-13T10:43:38+00:00","dateModified":"2026-03-13T11:21:22+00:00","breadcrumb":{"@id":"https:\/\/palackkert.hu\/index.php\/garancia\/#breadcrumb"},"inLanguage":"hu","potentialAction":[{"@type":"ReadAction","target":["https:\/\/palackkert.hu\/index.php\/garancia\/"]}]},{"@type":"BreadcrumbList","@id":"https:\/\/palackkert.hu\/index.php\/garancia\/#breadcrumb","itemListElement":[{"@type":"ListItem","position":1,"name":"Kezd\u0151lap","item":"https:\/\/palackkert.hu\/"},{"@type":"ListItem","position":2,"name":"Garancia"}]},{"@type":"WebSite","@id":"https:\/\/palackkert.hu\/#website","url":"https:\/\/palackkert.hu\/","name":"Palackkert Flor\u00e1riumok","description":"Flor\u00e1rium webshop \u00e9s workshop","publisher":{"@id":"https:\/\/palackkert.hu\/#organization"},"potentialAction":[{"@type":"SearchAction","target":{"@type":"EntryPoint","urlTemplate":"https:\/\/palackkert.hu\/?s={search_term_string}"},"query-input":{"@type":"PropertyValueSpecification","valueRequired":true,"valueName":"search_term_string"}}],"inLanguage":"hu"},{"@type":"Organization","@id":"https:\/\/palackkert.hu\/#organization","name":"Palackkert Flor\u00e1riumok","url":"https:\/\/palackkert.hu\/","logo":{"@type":"ImageObject","inLanguage":"hu","@id":"https:\/\/palackkert.hu\/#\/schema\/logo\/image\/","url":"https:\/\/palackkert.hu\/wp-content\/uploads\/2023\/08\/Palackkert-logo-negyzet.png","contentUrl":"https:\/\/palackkert.hu\/wp-content\/uploads\/2023\/08\/Palackkert-logo-negyzet.png","width":1138,"height":1138,"caption":"Palackkert Flor\u00e1riumok"},"image":{"@id":"https:\/\/palackkert.hu\/#\/schema\/logo\/image\/"},"sameAs":["https:\/\/www.facebook.com\/profile.php?id=100095695053558","https:\/\/www.instagram.com\/palackkert"]}]}},"_links":{"self":[{"href":"https:\/\/palackkert.hu\/index.php\/wp-json\/wp\/v2\/pages\/2652","targetHints":{"allow":["GET"]}}],"collection":[{"href":"https:\/\/palackkert.hu\/index.php\/wp-json\/wp\/v2\/pages"}],"about":[{"href":"https:\/\/palackkert.hu\/index.php\/wp-json\/wp\/v2\/types\/page"}],"author":[{"embeddable":true,"href":"https:\/\/palackkert.hu\/index.php\/wp-json\/wp\/v2\/users\/1"}],"replies":[{"embeddable":true,"href":"https:\/\/palackkert.hu\/index.php\/wp-json\/wp\/v2\/comments?post=2652"}],"version-history":[{"count":3,"href":"https:\/\/palackkert.hu\/index.php\/wp-json\/wp\/v2\/pages\/2652\/revisions"}],"predecessor-version":[{"id":2660,"href":"https:\/\/palackkert.hu\/index.php\/wp-json\/wp\/v2\/pages\/2652\/revisions\/2660"}],"wp:attachment":[{"href":"https:\/\/palackkert.hu\/index.php\/wp-json\/wp\/v2\/media?parent=2652"}],"curies":[{"name":"wp","href":"https:\/\/api.w.org\/{rel}","templated":true}]}}