{"id":2736,"date":"2026-04-10T11:52:05","date_gmt":"2026-04-10T11:52:05","guid":{"rendered":"https:\/\/palackkert.hu\/?post_type=product&#038;p=2736"},"modified":"2026-04-10T13:57:54","modified_gmt":"2026-04-10T13:57:54","slug":"florarium-workshop-anyaknapja","status":"publish","type":"product","link":"https:\/\/palackkert.hu\/index.php\/product\/florarium-workshop-anyaknapja\/","title":{"rendered":"Flor\u00e1rium workshop 05.03. (Any\u00e1k napja)"},"content":{"rendered":"<p>[et_pb_section fb_built=&#8221;1&#8243; _builder_version=&#8221;4.16&#8243; custom_padding=&#8221;0px||||false|false&#8221; global_colors_info=&#8221;{}&#8221;][et_pb_row _builder_version=&#8221;4.16&#8243; background_size=&#8221;initial&#8221; background_position=&#8221;top_left&#8221; background_repeat=&#8221;repeat&#8221; width=&#8221;100%&#8221; custom_padding=&#8221;0px||0px||false|false&#8221; global_colors_info=&#8221;{}&#8221;][et_pb_column type=&#8221;4_4&#8243; _builder_version=&#8221;4.16&#8243; custom_padding=&#8221;|||&#8221; global_colors_info=&#8221;{}&#8221; custom_padding__hover=&#8221;|||&#8221;][et_pb_wc_breadcrumb _builder_version=&#8221;4.16&#8243; global_colors_info=&#8221;{}&#8221;][\/et_pb_wc_breadcrumb][et_pb_wc_cart_notice _builder_version=&#8221;4.16&#8243; global_colors_info=&#8221;{}&#8221;][\/et_pb_wc_cart_notice][\/et_pb_column][\/et_pb_row][et_pb_row column_structure=&#8221;1_2,1_2&#8243; _builder_version=&#8221;4.16&#8243; background_size=&#8221;initial&#8221; background_position=&#8221;top_left&#8221; background_repeat=&#8221;repeat&#8221; width=&#8221;100%&#8221; custom_padding=&#8221;0px||||false|false&#8221; global_colors_info=&#8221;{}&#8221;][et_pb_column type=&#8221;1_2&#8243; _builder_version=&#8221;4.16&#8243; custom_padding=&#8221;|||&#8221; global_colors_info=&#8221;{}&#8221; custom_padding__hover=&#8221;|||&#8221;][et_pb_wc_images _builder_version=&#8221;4.16&#8243; global_colors_info=&#8221;{}&#8221;][\/et_pb_wc_images][\/et_pb_column][et_pb_column type=&#8221;1_2&#8243; _builder_version=&#8221;4.16&#8243; custom_padding=&#8221;|||&#8221; global_colors_info=&#8221;{}&#8221; custom_padding__hover=&#8221;|||&#8221;][et_pb_wc_title _builder_version=&#8221;4.16&#8243; global_colors_info=&#8221;{}&#8221;][\/et_pb_wc_title][et_pb_wc_rating _builder_version=&#8221;4.16&#8243; global_colors_info=&#8221;{}&#8221;][\/et_pb_wc_rating][et_pb_wc_price _builder_version=&#8221;4.16&#8243; global_colors_info=&#8221;{}&#8221;][\/et_pb_wc_price][et_pb_wc_description _builder_version=&#8221;4.27.6&#8243; global_colors_info=&#8221;{}&#8221;][\/et_pb_wc_description][et_pb_wc_add_to_cart _builder_version=&#8221;4.27.6&#8243; fields_font=&#8221;|700|||||||&#8221; fields_font_size=&#8221;17px&#8221; global_colors_info=&#8221;{}&#8221;][\/et_pb_wc_add_to_cart][et_pb_wc_meta _builder_version=&#8221;4.16&#8243; global_colors_info=&#8221;{}&#8221;][\/et_pb_wc_meta][\/et_pb_column][\/et_pb_row][et_pb_row _builder_version=&#8221;4.16&#8243; background_size=&#8221;initial&#8221; background_position=&#8221;top_left&#8221; background_repeat=&#8221;repeat&#8221; width=&#8221;100%&#8221; global_colors_info=&#8221;{}&#8221;][et_pb_column type=&#8221;4_4&#8243; _builder_version=&#8221;4.16&#8243; custom_padding=&#8221;|||&#8221; global_colors_info=&#8221;{}&#8221; custom_padding__hover=&#8221;|||&#8221;][et_pb_wc_tabs _builder_version=&#8221;4.16&#8243; global_colors_info=&#8221;{}&#8221;] [\/et_pb_wc_tabs][et_pb_wc_cross_sells _builder_version=&#8221;4.27.6&#8243; _module_preset=&#8221;default&#8221; link_option_url_new_window=&#8221;on&#8221; global_colors_info=&#8221;{}&#8221;][\/et_pb_wc_cross_sells][et_pb_wc_upsells _builder_version=&#8221;4.16&#8243; global_colors_info=&#8221;{}&#8221;][\/et_pb_wc_upsells][et_pb_wc_related_products _builder_version=&#8221;4.16&#8243; global_colors_info=&#8221;{}&#8221;][\/et_pb_wc_related_products][\/et_pb_column][\/et_pb_row][\/et_pb_section]<\/p>\n","protected":false},"excerpt":{"rendered":"<p>Szeretn\u00e9d elk\u00e9sz\u00edteni a saj\u00e1t palackkerted? Gyere el egy flor\u00e1rium workshopunkra! Te v\u00e1laszthatod ki az agyaggoly\u00f3 sz\u00edn\u00e9t, a n\u00f6v\u00e9nyeket, \u00e9s a figur\u00e1t is!<\/p>\n<p>Sz\u00fclinap, esk\u00fcv\u0151, c\u00e9ges workshop? Lehets\u00e9ges! Minimum 4 f\u0151t\u0151l van lehet\u0151s\u00e9getek priv\u00e1t workshopot k\u00e9rni.<\/p>\n<p>Annyi csomag ker\u00fclj\u00f6n a kos\u00e1rba ah\u00e1nyan \u00e9rkeztek a workshopra:<\/p>\n","protected":false},"featured_media":323,"template":"","meta":{"_et_pb_use_builder":"on","_et_pb_old_content":"K\u00e9sz\u00edtsd el saj\u00e1t flor\u00e1riumodat, ami az otthonodat d\u00edsz\u00edtheti vagy aj\u00e1nd\u00e9kba is adhatod! Igazi kreat\u00edv program, mik\u00f6zben teljes nyugalommal kapcsol\u00f3dhatsz a term\u00e9szethez.\r\n\r\nFeln\u0151tteknek \u00e9s gyerekeknek is ide\u00e1lis program. (7-8 \u00e9ves kort\u00f3l) 8-10 f\u0151s csoportok, hogy mindenkire jusson el\u00e9g id\u0151! \ud83e\udd70\r\n\r\nM\u00e1jus 3.\r\n09:00-11:00 9 hely maradt\r\n12:00-14:00 9 hely maradt\r\n15:00-17:00 9 hely maradt\r\n18:00-20:00 9 hely maradt\r\n\r\n\u00c1rak \/ f\u0151:\r\n1 kicsi 1 nagy 20.000 Ft\r\n2 nagy 23.000Ft\r\n1 \u00f3ri\u00e1s (6 literes) 29.000Ft\r\nMegosztani csomagot k\u00e9t f\u0151 k\u00f6z\u00f6tt nem lehet.\r\n\r\nK\u00e9pek k\u00f6z\u00f6tt l\u00e1that\u00f3ak a m\u00e9retek!\r\n\r\nAj\u00e1nd\u00e9kba is ide\u00e1lis a workshop! Aj\u00e1nd\u00e9kk\u00e1rty\u00e1d van? \u00cdrj nek\u00fcnk egy e-mailt, ha erre az id\u0151pontra szeretn\u00e9d bev\u00e1ltani!\r\n\r\n\u00dcd\u00edt\u0151, k\u00e1v\u00e9, tea, kis s\u00fctem\u00e9ny is lesz! Klimatiz\u00e1lt m\u0171hely!\r\nMindent eszk\u00f6zt \u00e9s alapanyagot biztos\u00edtok!\r\nHatalmas parkol\u00f3, ami vas\u00e1rnap ingyenes.\r\n\r\nNe \u00e9rkezz el\u0151bb a workshopra! \ud83d\ude42\r\n\r\nTov\u00e1bbi inform\u00e1ci\u00f3: hello@palackkert.hu +36205724692\r\nC\u00edm: 1033 Budapest B\u00fav\u00e1r utca 1.\r\n#flor\u00e1rium #workshop #palackkert #program #kreat\u00edv #aj\u00e1nd\u00e9k\u00f6tlet","_et_gb_content_width":""},"product_brand":[],"product_cat":[24,42],"product_tag":[26,27,25,28,29,34,30,31,32,33],"class_list":{"0":"post-2736","1":"product","2":"type-product","3":"status-publish","4":"has-post-thumbnail","6":"product_cat-palackkert","7":"product_cat-workshop","8":"product_tag-elmeny","9":"product_tag-elmeny-ajandek","10":"product_tag-florarium","11":"product_tag-florarium-workshop","12":"product_tag-florariumworkshop","13":"product_tag-palackkert","14":"product_tag-paros-program","15":"product_tag-program","16":"product_tag-terrarium","17":"product_tag-workshop","19":"first","20":"instock","21":"purchasable","22":"product-type-variable"},"yoast_head":"<!-- This site is optimized with the Yoast SEO plugin v27.4 - https:\/\/yoast.com\/product\/yoast-seo-wordpress\/ -->\n<title>Flor\u00e1rium workshop 05.03. (Any\u00e1k napja) - Palackkert Flor\u00e1rium<\/title>\n<meta name=\"description\" content=\"T\u00f6k\u00e9letes v\u00e1laszt\u00e1s otthonod, irod\u00e1d sz\u00e1m\u00e1ra a flor\u00e1rium, ha olyan n\u00f6v\u00e9nyt szeretn\u00e9l, ami gondoz\u00e1st nem ig\u00e9nyel. Dekor\u00e1ci\u00f3nak is ide\u00e1lis.\" \/>\n<meta name=\"robots\" content=\"index, follow, max-snippet:-1, max-image-preview:large, max-video-preview:-1\" \/>\n<link rel=\"canonical\" href=\"https:\/\/palackkert.hu\/index.php\/product\/florarium-workshop-anyaknapja\/\" \/>\n<meta property=\"og:locale\" content=\"hu_HU\" \/>\n<meta property=\"og:type\" content=\"article\" \/>\n<meta property=\"og:title\" content=\"flor\u00e1rium workshop tavasz program any\u00e1k napja\" \/>\n<meta property=\"og:description\" content=\"T\u00f6k\u00e9letes v\u00e1laszt\u00e1s otthonod, irod\u00e1d sz\u00e1m\u00e1ra a flor\u00e1rium, ha olyan n\u00f6v\u00e9nyt szeretn\u00e9l, ami gondoz\u00e1st nem ig\u00e9nyel. Dekor\u00e1ci\u00f3nak is ide\u00e1lis. Megv\u00e1s\u00e1rolhatod k\u00e9szen, de elk\u00e9sz\u00edtheted workshopon is!\" \/>\n<meta property=\"og:url\" content=\"https:\/\/palackkert.hu\/index.php\/product\/florarium-workshop-anyaknapja\/\" \/>\n<meta property=\"og:site_name\" content=\"Palackkert Flor\u00e1rium\" \/>\n<meta property=\"article:publisher\" content=\"https:\/\/www.facebook.com\/profile.php?id=100095695053558\" \/>\n<meta property=\"article:modified_time\" content=\"2026-04-10T13:57:54+00:00\" \/>\n<meta property=\"og:image\" content=\"https:\/\/palackkert.hu\/wp-content\/uploads\/2026\/03\/palackkert-florarium-workshop-fun.jpg\" \/>\n\t<meta property=\"og:image:width\" content=\"1920\" \/>\n\t<meta property=\"og:image:height\" content=\"2560\" \/>\n\t<meta property=\"og:image:type\" content=\"image\/jpeg\" \/>\n<meta name=\"twitter:card\" content=\"summary_large_image\" \/>\n<meta name=\"twitter:label1\" content=\"Becs\u00fclt olvas\u00e1si id\u0151\" \/>\n\t<meta name=\"twitter:data1\" content=\"5 perc\" \/>\n<script type=\"application\/ld+json\" class=\"yoast-schema-graph\">{\"@context\":\"https:\\\/\\\/schema.org\",\"@graph\":[{\"@type\":\"WebPage\",\"@id\":\"https:\\\/\\\/palackkert.hu\\\/index.php\\\/product\\\/florarium-workshop-anyaknapja\\\/\",\"url\":\"https:\\\/\\\/palackkert.hu\\\/index.php\\\/product\\\/florarium-workshop-anyaknapja\\\/\",\"name\":\"Flor\u00e1rium workshop 05.03. (Any\u00e1k napja) - Palackkert Flor\u00e1rium\",\"isPartOf\":{\"@id\":\"https:\\\/\\\/palackkert.hu\\\/#website\"},\"primaryImageOfPage\":{\"@id\":\"https:\\\/\\\/palackkert.hu\\\/index.php\\\/product\\\/florarium-workshop-anyaknapja\\\/#primaryimage\"},\"image\":{\"@id\":\"https:\\\/\\\/palackkert.hu\\\/index.php\\\/product\\\/florarium-workshop-anyaknapja\\\/#primaryimage\"},\"thumbnailUrl\":\"https:\\\/\\\/palackkert.hu\\\/wp-content\\\/uploads\\\/2026\\\/03\\\/palackkert-florarium-workshop-fun.jpg\",\"datePublished\":\"2026-04-10T11:52:05+00:00\",\"dateModified\":\"2026-04-10T13:57:54+00:00\",\"description\":\"T\u00f6k\u00e9letes v\u00e1laszt\u00e1s otthonod, irod\u00e1d sz\u00e1m\u00e1ra a flor\u00e1rium, ha olyan n\u00f6v\u00e9nyt szeretn\u00e9l, ami gondoz\u00e1st nem ig\u00e9nyel. Dekor\u00e1ci\u00f3nak is ide\u00e1lis.\",\"breadcrumb\":{\"@id\":\"https:\\\/\\\/palackkert.hu\\\/index.php\\\/product\\\/florarium-workshop-anyaknapja\\\/#breadcrumb\"},\"inLanguage\":\"hu\",\"potentialAction\":[{\"@type\":\"ReadAction\",\"target\":[\"https:\\\/\\\/palackkert.hu\\\/index.php\\\/product\\\/florarium-workshop-anyaknapja\\\/\"]}]},{\"@type\":\"ImageObject\",\"inLanguage\":\"hu\",\"@id\":\"https:\\\/\\\/palackkert.hu\\\/index.php\\\/product\\\/florarium-workshop-anyaknapja\\\/#primaryimage\",\"url\":\"https:\\\/\\\/palackkert.hu\\\/wp-content\\\/uploads\\\/2026\\\/03\\\/palackkert-florarium-workshop-fun.jpg\",\"contentUrl\":\"https:\\\/\\\/palackkert.hu\\\/wp-content\\\/uploads\\\/2026\\\/03\\\/palackkert-florarium-workshop-fun.jpg\",\"width\":1920,\"height\":2560},{\"@type\":\"BreadcrumbList\",\"@id\":\"https:\\\/\\\/palackkert.hu\\\/index.php\\\/product\\\/florarium-workshop-anyaknapja\\\/#breadcrumb\",\"itemListElement\":[{\"@type\":\"ListItem\",\"position\":1,\"name\":\"Home\",\"item\":\"https:\\\/\\\/palackkert.hu\\\/\"},{\"@type\":\"ListItem\",\"position\":2,\"name\":\"Flor\u00e1rium webshop\",\"item\":\"https:\\\/\\\/palackkert.hu\\\/index.php\\\/florarium-webshop\\\/\"},{\"@type\":\"ListItem\",\"position\":3,\"name\":\"Flor\u00e1rium workshop 05.03. (Any\u00e1k napja)\"}]},{\"@type\":\"WebSite\",\"@id\":\"https:\\\/\\\/palackkert.hu\\\/#website\",\"url\":\"https:\\\/\\\/palackkert.hu\\\/\",\"name\":\"Palackkert Flor\u00e1rium\",\"description\":\"Gondoz\u00e1smentes flor\u00e1riumok\",\"publisher\":{\"@id\":\"https:\\\/\\\/palackkert.hu\\\/#organization\"},\"potentialAction\":[{\"@type\":\"SearchAction\",\"target\":{\"@type\":\"EntryPoint\",\"urlTemplate\":\"https:\\\/\\\/palackkert.hu\\\/?s={search_term_string}\"},\"query-input\":{\"@type\":\"PropertyValueSpecification\",\"valueRequired\":true,\"valueName\":\"search_term_string\"}}],\"inLanguage\":\"hu\"},{\"@type\":\"Organization\",\"@id\":\"https:\\\/\\\/palackkert.hu\\\/#organization\",\"name\":\"Palackkert Flor\u00e1rium\",\"url\":\"https:\\\/\\\/palackkert.hu\\\/\",\"logo\":{\"@type\":\"ImageObject\",\"inLanguage\":\"hu\",\"@id\":\"https:\\\/\\\/palackkert.hu\\\/#\\\/schema\\\/logo\\\/image\\\/\",\"url\":\"https:\\\/\\\/palackkert.hu\\\/wp-content\\\/uploads\\\/2026\\\/03\\\/Logo-Palackkert-logo-weboldal-copy.png\",\"contentUrl\":\"https:\\\/\\\/palackkert.hu\\\/wp-content\\\/uploads\\\/2026\\\/03\\\/Logo-Palackkert-logo-weboldal-copy.png\",\"width\":994,\"height\":510,\"caption\":\"Palackkert Flor\u00e1rium\"},\"image\":{\"@id\":\"https:\\\/\\\/palackkert.hu\\\/#\\\/schema\\\/logo\\\/image\\\/\"},\"sameAs\":[\"https:\\\/\\\/www.facebook.com\\\/profile.php?id=100095695053558\",\"https:\\\/\\\/www.instagram.com\\\/palackkert\"]}]}<\/script>\n<!-- \/ Yoast SEO plugin. -->","yoast_head_json":{"title":"Flor\u00e1rium workshop 05.03. (Any\u00e1k napja) - Palackkert Flor\u00e1rium","description":"T\u00f6k\u00e9letes v\u00e1laszt\u00e1s otthonod, irod\u00e1d sz\u00e1m\u00e1ra a flor\u00e1rium, ha olyan n\u00f6v\u00e9nyt szeretn\u00e9l, ami gondoz\u00e1st nem ig\u00e9nyel. Dekor\u00e1ci\u00f3nak is ide\u00e1lis.","robots":{"index":"index","follow":"follow","max-snippet":"max-snippet:-1","max-image-preview":"max-image-preview:large","max-video-preview":"max-video-preview:-1"},"canonical":"https:\/\/palackkert.hu\/index.php\/product\/florarium-workshop-anyaknapja\/","og_locale":"hu_HU","og_type":"article","og_title":"flor\u00e1rium workshop tavasz program any\u00e1k napja","og_description":"T\u00f6k\u00e9letes v\u00e1laszt\u00e1s otthonod, irod\u00e1d sz\u00e1m\u00e1ra a flor\u00e1rium, ha olyan n\u00f6v\u00e9nyt szeretn\u00e9l, ami gondoz\u00e1st nem ig\u00e9nyel. Dekor\u00e1ci\u00f3nak is ide\u00e1lis. Megv\u00e1s\u00e1rolhatod k\u00e9szen, de elk\u00e9sz\u00edtheted workshopon is!","og_url":"https:\/\/palackkert.hu\/index.php\/product\/florarium-workshop-anyaknapja\/","og_site_name":"Palackkert Flor\u00e1rium","article_publisher":"https:\/\/www.facebook.com\/profile.php?id=100095695053558","article_modified_time":"2026-04-10T13:57:54+00:00","og_image":[{"width":1920,"height":2560,"url":"https:\/\/palackkert.hu\/wp-content\/uploads\/2026\/03\/palackkert-florarium-workshop-fun.jpg","type":"image\/jpeg"}],"twitter_card":"summary_large_image","twitter_misc":{"Becs\u00fclt olvas\u00e1si id\u0151":"5 perc"},"schema":{"@context":"https:\/\/schema.org","@graph":[{"@type":"WebPage","@id":"https:\/\/palackkert.hu\/index.php\/product\/florarium-workshop-anyaknapja\/","url":"https:\/\/palackkert.hu\/index.php\/product\/florarium-workshop-anyaknapja\/","name":"Flor\u00e1rium workshop 05.03. (Any\u00e1k napja) - Palackkert Flor\u00e1rium","isPartOf":{"@id":"https:\/\/palackkert.hu\/#website"},"primaryImageOfPage":{"@id":"https:\/\/palackkert.hu\/index.php\/product\/florarium-workshop-anyaknapja\/#primaryimage"},"image":{"@id":"https:\/\/palackkert.hu\/index.php\/product\/florarium-workshop-anyaknapja\/#primaryimage"},"thumbnailUrl":"https:\/\/palackkert.hu\/wp-content\/uploads\/2026\/03\/palackkert-florarium-workshop-fun.jpg","datePublished":"2026-04-10T11:52:05+00:00","dateModified":"2026-04-10T13:57:54+00:00","description":"T\u00f6k\u00e9letes v\u00e1laszt\u00e1s otthonod, irod\u00e1d sz\u00e1m\u00e1ra a flor\u00e1rium, ha olyan n\u00f6v\u00e9nyt szeretn\u00e9l, ami gondoz\u00e1st nem ig\u00e9nyel. Dekor\u00e1ci\u00f3nak is ide\u00e1lis.","breadcrumb":{"@id":"https:\/\/palackkert.hu\/index.php\/product\/florarium-workshop-anyaknapja\/#breadcrumb"},"inLanguage":"hu","potentialAction":[{"@type":"ReadAction","target":["https:\/\/palackkert.hu\/index.php\/product\/florarium-workshop-anyaknapja\/"]}]},{"@type":"ImageObject","inLanguage":"hu","@id":"https:\/\/palackkert.hu\/index.php\/product\/florarium-workshop-anyaknapja\/#primaryimage","url":"https:\/\/palackkert.hu\/wp-content\/uploads\/2026\/03\/palackkert-florarium-workshop-fun.jpg","contentUrl":"https:\/\/palackkert.hu\/wp-content\/uploads\/2026\/03\/palackkert-florarium-workshop-fun.jpg","width":1920,"height":2560},{"@type":"BreadcrumbList","@id":"https:\/\/palackkert.hu\/index.php\/product\/florarium-workshop-anyaknapja\/#breadcrumb","itemListElement":[{"@type":"ListItem","position":1,"name":"Home","item":"https:\/\/palackkert.hu\/"},{"@type":"ListItem","position":2,"name":"Flor\u00e1rium webshop","item":"https:\/\/palackkert.hu\/index.php\/florarium-webshop\/"},{"@type":"ListItem","position":3,"name":"Flor\u00e1rium workshop 05.03. (Any\u00e1k napja)"}]},{"@type":"WebSite","@id":"https:\/\/palackkert.hu\/#website","url":"https:\/\/palackkert.hu\/","name":"Palackkert Flor\u00e1rium","description":"Gondoz\u00e1smentes flor\u00e1riumok","publisher":{"@id":"https:\/\/palackkert.hu\/#organization"},"potentialAction":[{"@type":"SearchAction","target":{"@type":"EntryPoint","urlTemplate":"https:\/\/palackkert.hu\/?s={search_term_string}"},"query-input":{"@type":"PropertyValueSpecification","valueRequired":true,"valueName":"search_term_string"}}],"inLanguage":"hu"},{"@type":"Organization","@id":"https:\/\/palackkert.hu\/#organization","name":"Palackkert Flor\u00e1rium","url":"https:\/\/palackkert.hu\/","logo":{"@type":"ImageObject","inLanguage":"hu","@id":"https:\/\/palackkert.hu\/#\/schema\/logo\/image\/","url":"https:\/\/palackkert.hu\/wp-content\/uploads\/2026\/03\/Logo-Palackkert-logo-weboldal-copy.png","contentUrl":"https:\/\/palackkert.hu\/wp-content\/uploads\/2026\/03\/Logo-Palackkert-logo-weboldal-copy.png","width":994,"height":510,"caption":"Palackkert Flor\u00e1rium"},"image":{"@id":"https:\/\/palackkert.hu\/#\/schema\/logo\/image\/"},"sameAs":["https:\/\/www.facebook.com\/profile.php?id=100095695053558","https:\/\/www.instagram.com\/palackkert"]}]}},"_links":{"self":[{"href":"https:\/\/palackkert.hu\/index.php\/wp-json\/wp\/v2\/product\/2736","targetHints":{"allow":["GET"]}}],"collection":[{"href":"https:\/\/palackkert.hu\/index.php\/wp-json\/wp\/v2\/product"}],"about":[{"href":"https:\/\/palackkert.hu\/index.php\/wp-json\/wp\/v2\/types\/product"}],"wp:featuredmedia":[{"embeddable":true,"href":"https:\/\/palackkert.hu\/index.php\/wp-json\/wp\/v2\/media\/323"}],"wp:attachment":[{"href":"https:\/\/palackkert.hu\/index.php\/wp-json\/wp\/v2\/media?parent=2736"}],"wp:term":[{"taxonomy":"product_brand","embeddable":true,"href":"https:\/\/palackkert.hu\/index.php\/wp-json\/wp\/v2\/product_brand?post=2736"},{"taxonomy":"product_cat","embeddable":true,"href":"https:\/\/palackkert.hu\/index.php\/wp-json\/wp\/v2\/product_cat?post=2736"},{"taxonomy":"product_tag","embeddable":true,"href":"https:\/\/palackkert.hu\/index.php\/wp-json\/wp\/v2\/product_tag?post=2736"}],"curies":[{"name":"wp","href":"https:\/\/api.w.org\/{rel}","templated":true}]}}